{"id":804,"date":"2019-05-21T10:36:23","date_gmt":"2019-05-21T13:36:23","guid":{"rendered":"https:\/\/ifdlaclotilde-cha.infd.edu.ar\/sitio\/?page_id=804"},"modified":"2019-10-28T19:07:34","modified_gmt":"2019-10-28T22:07:34","slug":"asge","status":"publish","type":"page","link":"https:\/\/ifdlaclotilde-cha.infd.edu.ar\/sitio\/postitulo-2\/asge\/","title":{"rendered":"ACTUALIZACI\u00d3N SUPERIOR EN GESTI\u00d3N EDUCATIVA"},"content":{"rendered":"<p><a href=\"https:\/\/ifdlaclotilde-cha.infd.edu.ar\/sitio\/cronograma\/\">CRONOGRAMA<\/a><\/p>\n<p style=\"text-align: left;\"><a href=\"https:\/\/ifdlaclotilde-cha.infd.edu.ar\/sitio\/wp-content\/uploads\/2019\/05\/MODELO-CONSTANCIA.docx\">MODELO CONSTANCIA<\/a><\/p>\n<p><a href=\"https:\/\/ifdlaclotilde-cha.infd.edu.ar\/sitio\/modulo-i\/\">M\u00d3DULO I<\/a><\/p>\n<p><a href=\"https:\/\/ifdlaclotilde-cha.infd.edu.ar\/sitio\/modulo-2\/\">M\u00d3DULO II<\/a><\/p>\n<p><a href=\"https:\/\/ifdlaclotilde-cha.infd.edu.ar\/sitio\/materiales-2\/\">M\u00d3DULO III<\/a><\/p>\n<p><a href=\"https:\/\/ifdlaclotilde-cha.infd.edu.ar\/sitio\/materiales-3\/\">M\u00d3DULO IV<\/a><\/p>\n<p><a href=\"https:\/\/ifdlaclotilde-cha.infd.edu.ar\/sitio\/documentos\/\">Material b\u00e1sico<\/a><\/p>\n<p>&nbsp;<\/p>\n","protected":false},"excerpt":{"rendered":"<p>CRONOGRAMA MODELO CONSTANCIA M\u00d3DULO I M\u00d3DULO II M\u00d3DULO III M\u00d3DULO IV Material b\u00e1sico &nbsp;<\/p>\n","protected":false},"author":8,"featured_media":0,"parent":816,"menu_order":0,"comment_status":"closed","ping_status":"closed","template":"","meta":[],"acf":[],"_links":{"self":[{"href":"https:\/\/ifdlaclotilde-cha.infd.edu.ar\/sitio\/wp-json\/wp\/v2\/pages\/804"}],"collection":[{"href":"https:\/\/ifdlaclotilde-cha.infd.edu.ar\/sitio\/wp-json\/wp\/v2\/pages"}],"about":[{"href":"https:\/\/ifdlaclotilde-cha.infd.edu.ar\/sitio\/wp-json\/wp\/v2\/types\/page"}],"author":[{"embeddable":true,"href":"https:\/\/ifdlaclotilde-cha.infd.edu.ar\/sitio\/wp-json\/wp\/v2\/users\/8"}],"replies":[{"embeddable":true,"href":"https:\/\/ifdlaclotilde-cha.infd.edu.ar\/sitio\/wp-json\/wp\/v2\/comments?post=804"}],"version-history":[{"count":14,"href":"https:\/\/ifdlaclotilde-cha.infd.edu.ar\/sitio\/wp-json\/wp\/v2\/pages\/804\/revisions"}],"predecessor-version":[{"id":1160,"href":"https:\/\/ifdlaclotilde-cha.infd.edu.ar\/sitio\/wp-json\/wp\/v2\/pages\/804\/revisions\/1160"}],"up":[{"embeddable":true,"href":"https:\/\/ifdlaclotilde-cha.infd.edu.ar\/sitio\/wp-json\/wp\/v2\/pages\/816"}],"wp:attachment":[{"href":"https:\/\/ifdlaclotilde-cha.infd.edu.ar\/sitio\/wp-json\/wp\/v2\/media?parent=804"}],"curies":[{"name":"wp","href":"https:\/\/api.w.org\/{rel}","templated":true}]}}