{"id":742,"date":"2018-08-30T17:24:25","date_gmt":"2018-08-30T20:24:25","guid":{"rendered":"https:\/\/ifdlaclotilde-cha.infd.edu.ar\/sitio\/profesor-para-educacion-secundaria-en-tecnologias-de-la-informacion-y-de-la-comunicacion\/"},"modified":"2019-05-21T11:10:49","modified_gmt":"2019-05-21T14:10:49","slug":"profesor-para-educacion-secundaria-en-tecnologias-de-la-informacion-y-de-la-comunicacion","status":"publish","type":"page","link":"https:\/\/ifdlaclotilde-cha.infd.edu.ar\/sitio\/profesor-para-educacion-secundaria-en-tecnologias-de-la-informacion-y-de-la-comunicacion\/","title":{"rendered":"Profesor para Educaci\u00f3n Secundaria en Tecnolog\u00edas de la Informaci\u00f3n y de la Comunicaci\u00f3n"},"content":{"rendered":"<p><span style=\"font-family: arial, helvetica, sans-serif; font-size: 12pt;\">\u00a0<strong><em>T\u00edtulo que se otorga<\/em><\/strong>: <span style=\"text-decoration: underline;\" data-mce-mark=\"1\">Profesor\/a para Educaci\u00f3n Secundaria en Tecnolog\u00edas de la Informaci\u00f3n y de la Comunicaci\u00f3n.<\/span><\/span><\/p>\n<p><span style=\"font-family: arial, helvetica, sans-serif; font-size: 12pt;\">\u00a0<strong><em><span style=\"text-decoration: underline;\">Duraci\u00f3n de la Carrera<\/span><\/em><\/strong><em><span style=\"text-decoration: underline;\">: <\/span><\/em><em>4 (Cuatro a\u00f1os)<\/em><\/span><\/p>\n","protected":false},"excerpt":{"rendered":"<p>\u00a0T\u00edtulo que se otorga: Profesor\/a para Educaci\u00f3n Secundaria en Tecnolog\u00edas de la Informaci\u00f3n y de la Comunicaci\u00f3n. \u00a0Duraci\u00f3n de la Carrera: 4 (Cuatro a\u00f1os)<\/p>\n","protected":false},"author":8,"featured_media":0,"parent":0,"menu_order":0,"comment_status":"closed","ping_status":"closed","template":"","meta":[],"acf":[],"_links":{"self":[{"href":"https:\/\/ifdlaclotilde-cha.infd.edu.ar\/sitio\/wp-json\/wp\/v2\/pages\/742"}],"collection":[{"href":"https:\/\/ifdlaclotilde-cha.infd.edu.ar\/sitio\/wp-json\/wp\/v2\/pages"}],"about":[{"href":"https:\/\/ifdlaclotilde-cha.infd.edu.ar\/sitio\/wp-json\/wp\/v2\/types\/page"}],"author":[{"embeddable":true,"href":"https:\/\/ifdlaclotilde-cha.infd.edu.ar\/sitio\/wp-json\/wp\/v2\/users\/8"}],"replies":[{"embeddable":true,"href":"https:\/\/ifdlaclotilde-cha.infd.edu.ar\/sitio\/wp-json\/wp\/v2\/comments?post=742"}],"version-history":[{"count":2,"href":"https:\/\/ifdlaclotilde-cha.infd.edu.ar\/sitio\/wp-json\/wp\/v2\/pages\/742\/revisions"}],"predecessor-version":[{"id":825,"href":"https:\/\/ifdlaclotilde-cha.infd.edu.ar\/sitio\/wp-json\/wp\/v2\/pages\/742\/revisions\/825"}],"wp:attachment":[{"href":"https:\/\/ifdlaclotilde-cha.infd.edu.ar\/sitio\/wp-json\/wp\/v2\/media?parent=742"}],"curies":[{"name":"wp","href":"https:\/\/api.w.org\/{rel}","templated":true}]}}