{"id":1129,"date":"2019-08-08T16:59:04","date_gmt":"2019-08-08T19:59:04","guid":{"rendered":"https:\/\/ifdlaclotilde-cha.infd.edu.ar\/sitio\/?page_id=1129"},"modified":"2019-10-04T20:33:08","modified_gmt":"2019-10-04T23:33:08","slug":"materiales","status":"publish","type":"page","link":"https:\/\/ifdlaclotilde-cha.infd.edu.ar\/sitio\/materiales\/","title":{"rendered":"Materiales"},"content":{"rendered":"<p><a href=\"https:\/\/ifdlaclotilde-cha.infd.edu.ar\/sitio\/wp-content\/uploads\/2019\/10\/NuevoDocumento-2019-06-27-16.55.03_3.pdf\">NuevoDocumento 2019-06-27 16.55.03_3<\/a><\/p>\n<p><a href=\"https:\/\/ifdlaclotilde-cha.infd.edu.ar\/sitio\/wp-content\/uploads\/2019\/08\/Acompa\u00f1ar-a-los-docentes.-Un-ciclo-de-reflexi\u00f3n-acci\u00f3n.-OEI.pdf\">Acompa\u00f1ar a los docentes. Un ciclo de reflexi\u00f3n-acci\u00f3n. OEI<\/a><\/p>\n<p><a href=\"https:\/\/ifdlaclotilde-cha.infd.edu.ar\/sitio\/wp-content\/uploads\/2019\/08\/R\u00fabricas-de-observaci\u00f3n-de-aula-para-la-evaluaci\u00f3n-del-desempe\u00f1o-docente-manual-de-aplicaci\u00f3n.pdf\">R\u00fabricas de observaci\u00f3n de aula para la evaluaci\u00f3n del desempe\u00f1o docente manual de aplicaci\u00f3n<\/a><\/p>\n<p><a href=\"https:\/\/ifdlaclotilde-cha.infd.edu.ar\/sitio\/wp-content\/uploads\/2019\/08\/Bienvenida-la-diversidad-en-la-escuela.-Herramienta-para-adopci\u00f3n-del-enfoque.pdf\">Bienvenida la diversidad en la escuela. Herramienta para adopci\u00f3n del enfoque<\/a><\/p>\n<p><a href=\"https:\/\/ifdlaclotilde-cha.infd.edu.ar\/sitio\/wp-content\/uploads\/2019\/08\/Gvirtz-Gestionar-la-mejora-escolar.-Ideas-y-herramientas-para-Supervisores.-Universidad-de-San-Andr\u00e9s-2009.pdf\">Gvirtz &#8211; Gestionar la mejora escolar. Ideas y herramientas para Supervisores. Universidad de San Andr\u00e9s 2009<\/a><\/p>\n<p><a href=\"https:\/\/ifdlaclotilde-cha.infd.edu.ar\/sitio\/wp-content\/uploads\/2019\/08\/C\u00f3mo-acompa\u00f1ar-a-los-docentes.-Asesoramiento-en-estrategias-de-ensenanza.pdf\">C\u00f3mo acompa\u00f1ar a los docentes. Asesoramiento en estrategias de ensenanza<\/a><\/p>\n<p><a href=\"https:\/\/ifdlaclotilde-cha.infd.edu.ar\/sitio\/wp-content\/uploads\/2019\/08\/Asesoramiento-en-estrategias-de-ense\u00f1anza1.pdf\">Asesoramiento-en-estrategias-de-ense\u00f1anza1<\/a><\/p>\n","protected":false},"excerpt":{"rendered":"<p>NuevoDocumento 2019-06-27 16.55.03_3 Acompa\u00f1ar a los docentes. Un ciclo de reflexi\u00f3n-acci\u00f3n. OEI R\u00fabricas de observaci\u00f3n de aula para la evaluaci\u00f3n del desempe\u00f1o docente manual de aplicaci\u00f3n Bienvenida la diversidad en la escuela. Herramienta para adopci\u00f3n del enfoque Gvirtz &#8211; Gestionar la mejora escolar. Ideas y herramientas para Supervisores. Universidad de San Andr\u00e9s 2009 C\u00f3mo acompa\u00f1ar &#8230; <a title=\"Materiales\" class=\"read-more\" href=\"https:\/\/ifdlaclotilde-cha.infd.edu.ar\/sitio\/materiales\/\" aria-label=\"More on Materiales\">[+]<\/a><\/p>\n","protected":false},"author":8,"featured_media":0,"parent":0,"menu_order":0,"comment_status":"closed","ping_status":"closed","template":"","meta":[],"acf":[],"_links":{"self":[{"href":"https:\/\/ifdlaclotilde-cha.infd.edu.ar\/sitio\/wp-json\/wp\/v2\/pages\/1129"}],"collection":[{"href":"https:\/\/ifdlaclotilde-cha.infd.edu.ar\/sitio\/wp-json\/wp\/v2\/pages"}],"about":[{"href":"https:\/\/ifdlaclotilde-cha.infd.edu.ar\/sitio\/wp-json\/wp\/v2\/types\/page"}],"author":[{"embeddable":true,"href":"https:\/\/ifdlaclotilde-cha.infd.edu.ar\/sitio\/wp-json\/wp\/v2\/users\/8"}],"replies":[{"embeddable":true,"href":"https:\/\/ifdlaclotilde-cha.infd.edu.ar\/sitio\/wp-json\/wp\/v2\/comments?post=1129"}],"version-history":[{"count":3,"href":"https:\/\/ifdlaclotilde-cha.infd.edu.ar\/sitio\/wp-json\/wp\/v2\/pages\/1129\/revisions"}],"predecessor-version":[{"id":1140,"href":"https:\/\/ifdlaclotilde-cha.infd.edu.ar\/sitio\/wp-json\/wp\/v2\/pages\/1129\/revisions\/1140"}],"wp:attachment":[{"href":"https:\/\/ifdlaclotilde-cha.infd.edu.ar\/sitio\/wp-json\/wp\/v2\/media?parent=1129"}],"curies":[{"name":"wp","href":"https:\/\/api.w.org\/{rel}","templated":true}]}}